{"id":11910,"date":"2018-12-11T13:06:18","date_gmt":"2018-12-11T13:06:18","guid":{"rendered":"https:\/\/www.clubdelemprendimiento.com\/blog\/?page_id=11910"},"modified":"2022-03-11T10:32:15","modified_gmt":"2022-03-11T10:32:15","slug":"autodiagnostico-emprendedores","status":"publish","type":"page","link":"https:\/\/www.clubdelemprendimiento.com\/blog\/autodiagnostico-emprendedores\/","title":{"rendered":"Autodiagn\u00f3stico Emprendedores"},"content":{"rendered":"<p><iframe loading=\"lazy\" id=\"AutodiagnosticoActitudesEmprendedoras\" title=\"Autodiagn\u00f3stico de actitudes emprendedoras\" src=\"https:\/\/autodiagnosticos.ipyme.org\/emprendedores\/autodiagnostico\/index2?user=clubdelemprendimiento\" width=\"100%\" height=\"450px\">Su navegador no soporta marcos, si desea consultar el contenido le ofrecemos el siguiente enlace: <a href=\"https:\/\/autodiagnosticos.ipyme.org\/emprendedores?user=clubdelemprendimiento\" target=\"_blank\" title=\"Nueva ventana. Autodiagn\u00f3stico de actitudes emprendedoras\">Autodiagn\u00f3stico de actitudes emprendedoras<\/a><\/p>\n<p>&nbsp;<\/p>\n<p><\/iframe><\/p>\n","protected":false},"excerpt":{"rendered":"<p>Su navegador no soporta marcos, si desea consultar el contenido le ofrecemos el siguiente&hellip;<\/p>\n","protected":false},"author":1,"featured_media":0,"parent":0,"menu_order":0,"comment_status":"closed","ping_status":"closed","template":"","meta":{"_acf_changed":false,"footnotes":""},"acf":[],"yoast_head":"<!-- This site is optimized with the Yoast SEO plugin v22.7 - https:\/\/yoast.com\/wordpress\/plugins\/seo\/ -->\n<title>K\u00f6p De B\u00e4sta Emprendedores Subvenciones, aut\u00f3nomos Pr\u00e9stamos!<\/title>\n<meta name=\"description\" content=\"Subvenciones Emprendedores - hitta h\u00e4r den b\u00e4sta kvaliteten pr\u00e9stamos emprendedores med b\u00e4sta och enkla s\u00e4tt, Clubdelemprendimiento subvenciones aut\u00f3nomos erbjuder emprendedor.\" \/>\n<meta name=\"robots\" content=\"index, follow, max-snippet:-1, max-image-preview:large, max-video-preview:-1\" \/>\n<link rel=\"canonical\" href=\"https:\/\/www.clubdelemprendimiento.com\/blog\/autodiagnostico-emprendedores\/\" \/>\n<meta property=\"og:locale\" content=\"es_ES\" \/>\n<meta property=\"og:type\" content=\"article\" \/>\n<meta property=\"og:title\" content=\"K\u00f6p De B\u00e4sta Emprendedores Subvenciones, aut\u00f3nomos Pr\u00e9stamos!\" \/>\n<meta property=\"og:description\" content=\"Subvenciones Emprendedores - hitta h\u00e4r den b\u00e4sta kvaliteten pr\u00e9stamos emprendedores med b\u00e4sta och enkla s\u00e4tt, Clubdelemprendimiento subvenciones aut\u00f3nomos erbjuder emprendedor.\" \/>\n<meta property=\"og:url\" content=\"https:\/\/www.clubdelemprendimiento.com\/blog\/autodiagnostico-emprendedores\/\" \/>\n<meta property=\"og:site_name\" content=\"Blog Club del Emprendimiento\" \/>\n<meta property=\"article:modified_time\" content=\"2022-03-11T10:32:15+00:00\" \/>\n<meta name=\"twitter:card\" content=\"summary_large_image\" \/>\n<script type=\"application\/ld+json\" class=\"yoast-schema-graph\">{\"@context\":\"https:\/\/schema.org\",\"@graph\":[{\"@type\":\"WebPage\",\"@id\":\"https:\/\/www.clubdelemprendimiento.com\/blog\/autodiagnostico-emprendedores\/\",\"url\":\"https:\/\/www.clubdelemprendimiento.com\/blog\/autodiagnostico-emprendedores\/\",\"name\":\"K\u00f6p De B\u00e4sta Emprendedores Subvenciones, aut\u00f3nomos Pr\u00e9stamos!\",\"isPartOf\":{\"@id\":\"https:\/\/www.clubdelemprendimiento.com\/blog\/#website\"},\"datePublished\":\"2018-12-11T13:06:18+00:00\",\"dateModified\":\"2022-03-11T10:32:15+00:00\",\"description\":\"Subvenciones Emprendedores - hitta h\u00e4r den b\u00e4sta kvaliteten pr\u00e9stamos emprendedores med b\u00e4sta och enkla s\u00e4tt, Clubdelemprendimiento subvenciones aut\u00f3nomos erbjuder emprendedor.\",\"breadcrumb\":{\"@id\":\"https:\/\/www.clubdelemprendimiento.com\/blog\/autodiagnostico-emprendedores\/#breadcrumb\"},\"inLanguage\":\"es\",\"potentialAction\":[{\"@type\":\"ReadAction\",\"target\":[\"https:\/\/www.clubdelemprendimiento.com\/blog\/autodiagnostico-emprendedores\/\"]}]},{\"@type\":\"BreadcrumbList\",\"@id\":\"https:\/\/www.clubdelemprendimiento.com\/blog\/autodiagnostico-emprendedores\/#breadcrumb\",\"itemListElement\":[{\"@type\":\"ListItem\",\"position\":1,\"name\":\"Home\",\"item\":\"https:\/\/www.clubdelemprendimiento.com\/blog\/\"},{\"@type\":\"ListItem\",\"position\":2,\"name\":\"Autodiagn\u00f3stico Emprendedores\"}]},{\"@type\":\"WebSite\",\"@id\":\"https:\/\/www.clubdelemprendimiento.com\/blog\/#website\",\"url\":\"https:\/\/www.clubdelemprendimiento.com\/blog\/\",\"name\":\"Blog Club del Emprendimiento\",\"description\":\"\",\"potentialAction\":[{\"@type\":\"SearchAction\",\"target\":{\"@type\":\"EntryPoint\",\"urlTemplate\":\"https:\/\/www.clubdelemprendimiento.com\/blog\/?s={search_term_string}\"},\"query-input\":\"required name=search_term_string\"}],\"inLanguage\":\"es\"}]}<\/script>\n<!-- \/ Yoast SEO plugin. -->","yoast_head_json":{"title":"K\u00f6p De B\u00e4sta Emprendedores Subvenciones, aut\u00f3nomos Pr\u00e9stamos!","description":"Subvenciones Emprendedores - hitta h\u00e4r den b\u00e4sta kvaliteten pr\u00e9stamos emprendedores med b\u00e4sta och enkla s\u00e4tt, Clubdelemprendimiento subvenciones aut\u00f3nomos erbjuder emprendedor.","robots":{"index":"index","follow":"follow","max-snippet":"max-snippet:-1","max-image-preview":"max-image-preview:large","max-video-preview":"max-video-preview:-1"},"canonical":"https:\/\/www.clubdelemprendimiento.com\/blog\/autodiagnostico-emprendedores\/","og_locale":"es_ES","og_type":"article","og_title":"K\u00f6p De B\u00e4sta Emprendedores Subvenciones, aut\u00f3nomos Pr\u00e9stamos!","og_description":"Subvenciones Emprendedores - hitta h\u00e4r den b\u00e4sta kvaliteten pr\u00e9stamos emprendedores med b\u00e4sta och enkla s\u00e4tt, Clubdelemprendimiento subvenciones aut\u00f3nomos erbjuder emprendedor.","og_url":"https:\/\/www.clubdelemprendimiento.com\/blog\/autodiagnostico-emprendedores\/","og_site_name":"Blog Club del Emprendimiento","article_modified_time":"2022-03-11T10:32:15+00:00","twitter_card":"summary_large_image","schema":{"@context":"https:\/\/schema.org","@graph":[{"@type":"WebPage","@id":"https:\/\/www.clubdelemprendimiento.com\/blog\/autodiagnostico-emprendedores\/","url":"https:\/\/www.clubdelemprendimiento.com\/blog\/autodiagnostico-emprendedores\/","name":"K\u00f6p De B\u00e4sta Emprendedores Subvenciones, aut\u00f3nomos Pr\u00e9stamos!","isPartOf":{"@id":"https:\/\/www.clubdelemprendimiento.com\/blog\/#website"},"datePublished":"2018-12-11T13:06:18+00:00","dateModified":"2022-03-11T10:32:15+00:00","description":"Subvenciones Emprendedores - hitta h\u00e4r den b\u00e4sta kvaliteten pr\u00e9stamos emprendedores med b\u00e4sta och enkla s\u00e4tt, Clubdelemprendimiento subvenciones aut\u00f3nomos erbjuder emprendedor.","breadcrumb":{"@id":"https:\/\/www.clubdelemprendimiento.com\/blog\/autodiagnostico-emprendedores\/#breadcrumb"},"inLanguage":"es","potentialAction":[{"@type":"ReadAction","target":["https:\/\/www.clubdelemprendimiento.com\/blog\/autodiagnostico-emprendedores\/"]}]},{"@type":"BreadcrumbList","@id":"https:\/\/www.clubdelemprendimiento.com\/blog\/autodiagnostico-emprendedores\/#breadcrumb","itemListElement":[{"@type":"ListItem","position":1,"name":"Home","item":"https:\/\/www.clubdelemprendimiento.com\/blog\/"},{"@type":"ListItem","position":2,"name":"Autodiagn\u00f3stico Emprendedores"}]},{"@type":"WebSite","@id":"https:\/\/www.clubdelemprendimiento.com\/blog\/#website","url":"https:\/\/www.clubdelemprendimiento.com\/blog\/","name":"Blog Club del Emprendimiento","description":"","potentialAction":[{"@type":"SearchAction","target":{"@type":"EntryPoint","urlTemplate":"https:\/\/www.clubdelemprendimiento.com\/blog\/?s={search_term_string}"},"query-input":"required name=search_term_string"}],"inLanguage":"es"}]}},"_links":{"self":[{"href":"https:\/\/www.clubdelemprendimiento.com\/blog\/wp-json\/wp\/v2\/pages\/11910"}],"collection":[{"href":"https:\/\/www.clubdelemprendimiento.com\/blog\/wp-json\/wp\/v2\/pages"}],"about":[{"href":"https:\/\/www.clubdelemprendimiento.com\/blog\/wp-json\/wp\/v2\/types\/page"}],"author":[{"embeddable":true,"href":"https:\/\/www.clubdelemprendimiento.com\/blog\/wp-json\/wp\/v2\/users\/1"}],"replies":[{"embeddable":true,"href":"https:\/\/www.clubdelemprendimiento.com\/blog\/wp-json\/wp\/v2\/comments?post=11910"}],"version-history":[{"count":6,"href":"https:\/\/www.clubdelemprendimiento.com\/blog\/wp-json\/wp\/v2\/pages\/11910\/revisions"}],"predecessor-version":[{"id":15654,"href":"https:\/\/www.clubdelemprendimiento.com\/blog\/wp-json\/wp\/v2\/pages\/11910\/revisions\/15654"}],"wp:attachment":[{"href":"https:\/\/www.clubdelemprendimiento.com\/blog\/wp-json\/wp\/v2\/media?parent=11910"}],"curies":[{"name":"wp","href":"https:\/\/api.w.org\/{rel}","templated":true}]}}